{"id":784,"date":"2018-10-22T20:28:33","date_gmt":"2018-10-22T20:28:33","guid":{"rendered":"http:\/\/www.impactmania.com\/im\/?page_id=784"},"modified":"2022-03-16T19:35:51","modified_gmt":"2022-03-16T19:35:51","slug":"global-social-entrepreneurship-impact-x","status":"publish","type":"page","link":"https:\/\/www.impactmania.com\/im\/programs\/global-social-entrepreneurship-impact-x\/","title":{"rendered":"social entrepreneurship \/ impact X"},"content":{"rendered":"<div class=\"wpb-content-wrapper\"><p>[vc_row][vc_column][vc_custom_heading text=&#8221;featuring the future of business&#8221; font_container=&#8221;tag:h2|text_align:center&#8221; use_theme_fonts=&#8221;yes&#8221; css=&#8221;.vc_custom_1631700982501{margin-bottom: 0px !important;}&#8221;][vc_empty_space height=&#8221;20px&#8221;][\/vc_column][\/vc_row][vc_row css=&#8221;.vc_custom_1543737578910{margin-bottom: 10px !important;}&#8221;][vc_column][vc_column_text]<\/p>\n<p style=\"text-align: left;\"><strong>Impact X<\/strong>\u00a0features businesses that are as much for-purpose as they are for-profit. Check out the video stories we have created with partners around the world.\u00a0<a href=\"https:\/\/www.impactmania.com\/im\/contact\/\">Sponsor our work or contact us<\/a> to be part of <em>impactmania\u2019s<\/em> social entrepreneurship global video series.<\/p>\n<p>[\/vc_column_text][\/vc_column][\/vc_row][vc_row full_width=&#8221;stretch_row&#8221; equal_height=&#8221;yes&#8221; disable_element=&#8221;yes&#8221; css=&#8221;.vc_custom_1543522075576{background-color: #f7f7f7 !important;}&#8221;][vc_column width=&#8221;1\/2&#8243;][vc_custom_heading text=&#8221;<em>impactmania<\/em> with Jaipur Rugs Foundation, India&#8221; font_container=&#8221;tag:h3|text_align:left&#8221; use_theme_fonts=&#8221;yes&#8221; css=&#8221;.vc_custom_1543521776137{margin-top: 0px !important;}&#8221;][vc_column_text]<span style=\"font-weight: 400;\">The video story <\/span><i><span style=\"font-weight: 400;\">impactmania<\/span><\/i><span style=\"font-weight: 400;\"> co-produced and directed in India was featured at the United Nations Global (UN) Compact Conference in 2017<\/span><span style=\"font-weight: 400;\">. It also became part of United Nations Foundation\u2019s EWEC Initiative.<\/span>[\/vc_column_text][vc_video link=&#8221;https:\/\/www.youtube.com\/watch?v=NdppP93XOTE&amp;t=23s&#8221; el_width=&#8221;90&#8243; align=&#8221;center&#8221;][\/vc_column][vc_column width=&#8221;1\/2&#8243; css=&#8221;.vc_custom_1543521617037{background-image: url(https:\/\/www.impactmania.com\/im\/wp-content\/uploads\/2018\/11\/Filming-at-Manpura-Paksy-Plackis-Cheng-impactmania.jpg?id=13110) !important;background-position: center !important;background-repeat: no-repeat !important;background-size: cover !important;}&#8221;][vc_empty_space height=&#8221;350px&#8221;][\/vc_column][\/vc_row][vc_row full_width=&#8221;stretch_row&#8221; equal_height=&#8221;yes&#8221; css=&#8221;.vc_custom_1543525623183{padding-top: 20px !important;padding-bottom: 20px !important;background-color: #f7f7f7 !important;}&#8221;][vc_column width=&#8221;1\/2&#8243;][vc_custom_heading text=&#8221;<em>impactmania<\/em> with Jaipur Rugs Foundation, India&#8221; font_container=&#8221;tag:h3|text_align:left&#8221; use_theme_fonts=&#8221;yes&#8221; css=&#8221;.vc_custom_1543521776137{margin-top: 0px !important;}&#8221;][vc_column_text]<span style=\"font-weight: 400;\">The video story <\/span><i><span style=\"font-weight: 400;\">impactmania<\/span><\/i><span style=\"font-weight: 400;\"> co-produced and directed in India was featured at the United Nations Global (UN) Compact Conference in 2017<\/span><span style=\"font-weight: 400;\">. It also became part of United Nations Foundation\u2019s EWEC Initiative.<\/span>[\/vc_column_text][vc_video link=&#8221;https:\/\/www.youtube.com\/watch?v=NdppP93XOTE&amp;t=23s&#8221; el_width=&#8221;90&#8243; align=&#8221;center&#8221;][\/vc_column][vc_column width=&#8221;1\/2&#8243; css=&#8221;.vc_custom_1543522007308{background-position: center !important;background-repeat: no-repeat !important;background-size: cover !important;}&#8221;][vc_single_image image=&#8221;13110&#8243; img_size=&#8221;full&#8221; alignment=&#8221;center&#8221; style=&#8221;vc_box_shadow&#8221;][\/vc_column][\/vc_row][vc_row full_width=&#8221;stretch_row&#8221; equal_height=&#8221;yes&#8221; css=&#8221;.vc_custom_1543525590174{margin-top: 30px !important;margin-bottom: 30px !important;}&#8221;][vc_column][vc_custom_heading text=&#8221;<em>impactmania<\/em> with Newton Paiva University, Brazil&#8221; font_container=&#8221;tag:h3|text_align:left&#8221; use_theme_fonts=&#8221;yes&#8221; css=&#8221;.vc_custom_1543737898385{margin-top: 0px !important;}&#8221;][vc_row_inner][vc_column_inner width=&#8221;1\/2&#8243;][vc_column_text]Social enterprise, BeGreen, the first commercial urban farm in Latin America is focused on impacting 5 million people by 2019. The video story was filmed by students from Newton Paiva University (Brazil) based on <em>impactmania\u2019s<\/em> video format and direction.[\/vc_column_text][vc_video link=&#8221;https:\/\/www.youtube.com\/watch?v=lSTuhsFx-Hs&#8221; el_width=&#8221;90&#8243; align=&#8221;center&#8221;][\/vc_column_inner][vc_column_inner width=&#8221;1\/2&#8243;][vc_single_image image=&#8221;13111&#8243; img_size=&#8221;full&#8221; alignment=&#8221;center&#8221;][\/vc_column_inner][\/vc_row_inner][\/vc_column][\/vc_row][vc_row full_width=&#8221;stretch_row&#8221; equal_height=&#8221;yes&#8221; css=&#8221;.vc_custom_1543525645554{margin-bottom: 0px !important;padding-top: 20px !important;padding-bottom: 20px !important;background-color: #f7f7f7 !important;}&#8221;][vc_column css=&#8221;.vc_custom_1543523693718{margin-bottom: 0px !important;}&#8221;][vc_custom_heading text=&#8221;<i>impact X<\/i> book and panel discussion (2015)&#8221; font_container=&#8221;tag:h3|text_align:left&#8221; use_theme_fonts=&#8221;yes&#8221; css=&#8221;.vc_custom_1631700918709{margin-top: 0px !important;margin-bottom: 0px !important;}&#8221;][\/vc_column][vc_column width=&#8221;2\/3&#8243;][vc_column_text]The Impact X book profiles 30 impact makers from an oceanographer, a nine-time Grammy Award winner, to a U.S. Presidential Award winner. As we work together, especially across sectors, we can address highly complex social issues. Paksy Plackis-Cheng challenges readers to invest for impact\u2014find the place where passion and economics meet\u2014for soulful and purposeful community involvement.<i><\/i>[\/vc_column_text][vc_column_text]The book launch presented a panel with interviewees from Impact X sharing their work on a local, national, and outside the United States.<i><\/i>[\/vc_column_text][vc_row_inner][vc_column_inner width=&#8221;1\/3&#8243;][vc_single_image image=&#8221;13162&#8243; img_size=&#8221;medium&#8221; alignment=&#8221;center&#8221; onclick=&#8221;custom_link&#8221; img_link_target=&#8221;_blank&#8221; link=&#8221;https:\/\/www.amazon.com\/IMPACT-Transform-Wisdom-Meaningful-Community-ebook\/dp\/B00XRPCB02\/ref=sr_1_1?ie=UTF8&amp;qid=1535843361&amp;sr=8-1&amp;keywords=paksy+plackis+cheng&#8221;][\/vc_column_inner][vc_column_inner width=&#8221;1\/3&#8243;][vc_column_text]Foreword written by economist Tom\u00e1\u0161 Sedl\u00e1\u010dek, best-selling author of Economics of Good and Evil.[\/vc_column_text][vc_single_image image=&#8221;13164&#8243; img_size=&#8221;full&#8221; onclick=&#8221;custom_link&#8221; img_link_target=&#8221;_blank&#8221; link=&#8221;https:\/\/www.amazon.com\/IMPACT-Transform-Wisdom-Meaningful-Community-ebook\/dp\/B00XRPCB02\/ref=sr_1_1?ie=UTF8&amp;qid=1535843361&amp;sr=8-1&amp;keywords=paksy+plackis+cheng&#8221; css=&#8221;.vc_custom_1543739926381{margin-top: 0px !important;padding-top: 0px !important;}&#8221;][\/vc_column_inner][\/vc_row_inner][vc_column_text]<div class=\"strong-view strong-view-id-7 default wpmtst-default slider-container slider-mode-horizontal slider-adaptive controls-type-sides controls-style-buttons\" data-count=5 data-slider-var=strong_slider_id_7 data-state=idle><div class=\"strong-content wpmslider-content\"><div class=\"wpmtst-testimonial testimonial t-slide post-13182\"><div class=\"wpmtst-testimonial-inner testimonial-inner\"><h3 class=\"wpmtst-testimonial-heading testimonial-heading\">Anne Towbes<\/h3><div data-infinite-loop=\"false\"   class=\"wpmtst-testimonial-content testimonial-content\"><div class=\"maybe-clear\"><\/div><p><em>&#8220;Paksy Plackis-Cheng gives the reader an international journey of philanthropy. Her inspiring interviews, successful examples, inclusive research, and sensitive intuition inspire us all to be partners in creating a more giving future.&#8221;<\/em><\/p><\/div><div class=\"wpmtst-testimonial-field testimonial-field testimonial-name\">Anne Towbes<\/div><div class=\"wpmtst-testimonial-field testimonial-field testimonial-company\">Philanthropist<\/div><div class=\"clear\"><\/div><\/div><\/div><div class=\"wpmtst-testimonial testimonial t-slide post-13181\"><div class=\"wpmtst-testimonial-inner testimonial-inner\"><h3 class=\"wpmtst-testimonial-heading testimonial-heading\">Matt Kettmann<\/h3><div data-infinite-loop=\"false\"   class=\"wpmtst-testimonial-content testimonial-content\"><div class=\"maybe-clear\"><\/div><p><em>&#8220;Impact X inspires goodwill work. Paksy Plackis-Cheng publishes book, hosts inspirational panel of thinkers and doers.&#8221;<\/em><\/p><\/div><div class=\"wpmtst-testimonial-field testimonial-field testimonial-name\">Matt Kettmann<\/div><div class=\"wpmtst-testimonial-field testimonial-field testimonial-company\">Santa Barbara Independent Magazine<\/div><div class=\"clear\"><\/div><\/div><\/div><div class=\"wpmtst-testimonial testimonial t-slide post-13180\"><div class=\"wpmtst-testimonial-inner testimonial-inner\"><h3 class=\"wpmtst-testimonial-heading testimonial-heading\">Ronald V. Gallo<\/h3><div data-infinite-loop=\"false\"   class=\"wpmtst-testimonial-content testimonial-content\"><div class=\"maybe-clear\"><\/div><p><em>&#8220;Paksy Plackis-Cheng has done an extraordinary thing. She has vividly brought to life the important notion that we too often silo what should be integrated. Pursuing financial profit and seeking social returns for our communities are not, and have never really been, mutually exclusive. But the author does not preach; rather she facilitates, with a good deal of elegance, the reader\u2019s access to those inspirational people among us who have this wisdom and practice it daily.&#8221;<\/em><\/p><\/div><div class=\"wpmtst-testimonial-field testimonial-field testimonial-name\">Ronald V. Gallo<\/div><div class=\"wpmtst-testimonial-field testimonial-field testimonial-company\">Ed.D., President & CEO Santa Barbara Foundation<\/div><div class=\"clear\"><\/div><\/div><\/div><div class=\"wpmtst-testimonial testimonial t-slide post-13179\"><div class=\"wpmtst-testimonial-inner testimonial-inner\"><h3 class=\"wpmtst-testimonial-heading testimonial-heading\">John Greathouse<\/h3><div data-infinite-loop=\"false\"   class=\"wpmtst-testimonial-content testimonial-content\"><div class=\"maybe-clear\"><\/div><p><em>&#8220;As a life-long entrepreneur, I appreciate Paksy\u2019s recognition of the importance of private sector accountability in non-profit and social B-corp ventures. As she rightfully states, \u201cInvesting capital in socially sound companies that look at long-term outcomes\u2026 is more sensible than simply writing a check to charity and hoping for the best.\u201d Paksy\u2019s apolitical, pragmatic approach to enabling social good is one that all forward-looking communities should closely consider.&#8221;<\/em><\/p><\/div><div class=\"wpmtst-testimonial-field testimonial-field testimonial-name\">John Greathouse<\/div><div class=\"wpmtst-testimonial-field testimonial-field testimonial-company\">Serial Entrepreneur & Partner, Rincon Venture Partners<\/div><div class=\"clear\"><\/div><\/div><\/div><div class=\"wpmtst-testimonial testimonial t-slide post-13178\"><div class=\"wpmtst-testimonial-inner testimonial-inner\"><h3 class=\"wpmtst-testimonial-heading testimonial-heading\">Wouter Bax<\/h3><div data-infinite-loop=\"false\"   class=\"wpmtst-testimonial-content testimonial-content\"><div class=\"maybe-clear\"><\/div><p><em>&#8220;Many people in the nonprofits speak about the people and the planet. Yet, when it comes to profits, it remains awkwardly silent. A profit, at least a healthy balanced budget, is the oxygen for any organization: You need it to survive but it is not the reason to live. Impact X combines the heart of a nonprofit with the mind of a for-profit.&#8221;<\/em><\/p><\/div><div class=\"wpmtst-testimonial-field testimonial-field testimonial-name\">Wouter Bax<\/div><div class=\"wpmtst-testimonial-field testimonial-field testimonial-company\">Deputy Chief, NOS 24 (Dutch Public Broadcasting Service)<\/div><div class=\"clear\"><\/div><\/div><\/div><\/div><\/div>[\/vc_column_text][\/vc_column][vc_column width=\"1\/3\" css=\".vc_custom_1543739174278{background-position: center !important;background-repeat: no-repeat !important;background-size: cover !important;}\"][vc_column_text]<span style=\"text-decoration: underline;\"><strong>Impact X panelists:<\/strong><\/span><\/p>\n<p><b>teresa law<\/b><span style=\"font-weight: 400;\">, social entrepreneur &amp; CFO of Mountain Hazelnuts Venture;<\/span><\/p>\n<p><b>marcello palazzi<\/b><span style=\"font-weight: 400;\">, Stanford University Fellow &amp; B-Lab Europe cofounder;<\/span><\/p>\n<p><b>Dr. bruce chernof<\/b><span style=\"font-weight: 400;\">, president &amp; CEO, The SCAN Foundation &amp; Chair of Federal Commission on Long Term Care; and<\/span><\/p>\n<p><b>amir abo-shaeer<\/b><span style=\"font-weight: 400;\">, founder Dos Pueblos Engineering Academy &amp; MacArthur Fellow<\/span>[\/vc_column_text][vc_separator color=\"custom\" accent_color=\"#81aec5\"][vc_column_text]<a href=\"http:\/\/www.impactmakersx.com\/impact-makers-x-event-attendee-comments\/\" target=\"_blank\" rel=\"noopener\"><i><span style=\"font-weight: 400;\">Impact X<\/span><\/i><span style=\"font-weight: 400;\"> audience comments<\/span><\/a><\/p>\n<p><a href=\"https:\/\/www.youtube.com\/watch?v=8W64pfOBP2w&amp;feature=youtu.be\" target=\"_blank\" rel=\"noopener\"><i><span style=\"font-weight: 400;\">Impact X<\/span><\/i><span style=\"font-weight: 400;\">\u00a0launch at The New Vic Theatre, Santa Barbara, California<\/span><\/a><\/p>\n<p><a href=\"https:\/\/www.youtube.com\/watch?v=gy0OE3qrS2Y&amp;t=4s\" target=\"_blank\" rel=\"noopener\"><i><span style=\"font-weight: 400;\">Impact X<\/span><\/i><span style=\"font-weight: 400;\"> complete coverage with Impact Makers from the book<\/span><\/a><\/p>\n<p><a href=\"http:\/\/www.paksy.com\" target=\"_blank\" rel=\"noopener\"><i><span style=\"font-weight: 400;\">Impact X archive page<\/span><\/i><\/a>[\/vc_column_text][\/vc_column][\/vc_row]<\/p>\n<\/div>","protected":false},"excerpt":{"rendered":"<p>[vc_row][vc_column][vc_custom_heading text=&#8221;featuring the future of business&#8221; font_container=&#8221;tag:h2|text_align:center&#8221; use_theme_fonts=&#8221;yes&#8221; css=&#8221;.vc_custom_1631700982501{margin-bottom: 0px !important;}&#8221;][vc_empty_space height=&#8221;20px&#8221;][\/vc_column][\/vc_row][vc_row css=&#8221;.vc_custom_1543737578910{margin-bottom: 10px !important;}&#8221;][vc_column][vc_column_text] Impact X\u00a0features businesses that are as much for-purpose as they are for-profit. Check out the video stories we have created with partners around the world.\u00a0Sponsor <a href=\"https:\/\/www.impactmania.com\/im\/programs\/global-social-entrepreneurship-impact-x\/\"> [&#8230;]<\/a><\/p>\n","protected":false},"author":1,"featured_media":0,"parent":690,"menu_order":0,"comment_status":"closed","ping_status":"closed","template":"","meta":{"footnotes":""},"class_list":["post-784","page","type-page","status-publish","hentry"],"yoast_head":"<!-- This site is optimized with the Yoast SEO plugin v26.4 - https:\/\/yoast.com\/wordpress\/plugins\/seo\/ -->\n<title>social entrepreneurship \/ impact X - impactmania<\/title>\n<meta name=\"robots\" content=\"index, follow, max-snippet:-1, max-image-preview:large, max-video-preview:-1\" \/>\n<link rel=\"canonical\" href=\"https:\/\/www.impactmania.com\/im\/programs\/global-social-entrepreneurship-impact-x\/\" \/>\n<meta property=\"og:locale\" content=\"en_US\" \/>\n<meta property=\"og:type\" content=\"article\" \/>\n<meta property=\"og:title\" content=\"social entrepreneurship \/ impact X - impactmania\" \/>\n<meta property=\"og:description\" content=\"[vc_row][vc_column][vc_custom_heading text=&#8221;featuring the future of business&#8221; font_container=&#8221;tag:h2|text_align:center&#8221; use_theme_fonts=&#8221;yes&#8221; css=&#8221;.vc_custom_1631700982501{margin-bottom: 0px !important;}&#8221;][vc_empty_space height=&#8221;20px&#8221;][\/vc_column][\/vc_row][vc_row css=&#8221;.vc_custom_1543737578910{margin-bottom: 10px !important;}&#8221;][vc_column][vc_column_text] Impact X\u00a0features businesses that are as much for-purpose as they are for-profit. Check out the video stories we have created with partners around the world.\u00a0Sponsor [...]\" \/>\n<meta property=\"og:url\" content=\"https:\/\/www.impactmania.com\/im\/programs\/global-social-entrepreneurship-impact-x\/\" \/>\n<meta property=\"og:site_name\" content=\"impactmania\" \/>\n<meta property=\"article:publisher\" content=\"https:\/\/www.facebook.com\/impactmaniaX\" \/>\n<meta property=\"article:modified_time\" content=\"2022-03-16T19:35:51+00:00\" \/>\n<meta name=\"twitter:card\" content=\"summary_large_image\" \/>\n<meta name=\"twitter:site\" content=\"@impactmania\" \/>\n<meta name=\"twitter:label1\" content=\"Est. reading time\" \/>\n\t<meta name=\"twitter:data1\" content=\"3 minutes\" \/>\n<script type=\"application\/ld+json\" class=\"yoast-schema-graph\">{\"@context\":\"https:\/\/schema.org\",\"@graph\":[{\"@type\":\"WebPage\",\"@id\":\"https:\/\/www.impactmania.com\/im\/programs\/global-social-entrepreneurship-impact-x\/\",\"url\":\"https:\/\/www.impactmania.com\/im\/programs\/global-social-entrepreneurship-impact-x\/\",\"name\":\"social entrepreneurship \/ impact X - impactmania\",\"isPartOf\":{\"@id\":\"https:\/\/www.impactmania.com\/im\/#website\"},\"datePublished\":\"2018-10-22T20:28:33+00:00\",\"dateModified\":\"2022-03-16T19:35:51+00:00\",\"breadcrumb\":{\"@id\":\"https:\/\/www.impactmania.com\/im\/programs\/global-social-entrepreneurship-impact-x\/#breadcrumb\"},\"inLanguage\":\"en-US\",\"potentialAction\":[{\"@type\":\"ReadAction\",\"target\":[\"https:\/\/www.impactmania.com\/im\/programs\/global-social-entrepreneurship-impact-x\/\"]}]},{\"@type\":\"BreadcrumbList\",\"@id\":\"https:\/\/www.impactmania.com\/im\/programs\/global-social-entrepreneurship-impact-x\/#breadcrumb\",\"itemListElement\":[{\"@type\":\"ListItem\",\"position\":1,\"name\":\"Home\",\"item\":\"https:\/\/www.impactmania.com\/im\/\"},{\"@type\":\"ListItem\",\"position\":2,\"name\":\"programs\",\"item\":\"https:\/\/www.impactmania.com\/im\/programs\/\"},{\"@type\":\"ListItem\",\"position\":3,\"name\":\"social entrepreneurship \/ impact X\"}]},{\"@type\":\"WebSite\",\"@id\":\"https:\/\/www.impactmania.com\/im\/#website\",\"url\":\"https:\/\/www.impactmania.com\/im\/\",\"name\":\"impactmania\",\"description\":\"people who drive cultural, social, and economic impact\",\"publisher\":{\"@id\":\"https:\/\/www.impactmania.com\/im\/#organization\"},\"potentialAction\":[{\"@type\":\"SearchAction\",\"target\":{\"@type\":\"EntryPoint\",\"urlTemplate\":\"https:\/\/www.impactmania.com\/im\/?s={search_term_string}\"},\"query-input\":{\"@type\":\"PropertyValueSpecification\",\"valueRequired\":true,\"valueName\":\"search_term_string\"}}],\"inLanguage\":\"en-US\"},{\"@type\":\"Organization\",\"@id\":\"https:\/\/www.impactmania.com\/im\/#organization\",\"name\":\"impactmania\",\"url\":\"https:\/\/www.impactmania.com\/im\/\",\"logo\":{\"@type\":\"ImageObject\",\"inLanguage\":\"en-US\",\"@id\":\"https:\/\/www.impactmania.com\/im\/#\/schema\/logo\/image\/\",\"url\":\"https:\/\/www.impactmania.com\/im\/wp-content\/uploads\/2018\/10\/favicon-logo.jpg\",\"contentUrl\":\"https:\/\/www.impactmania.com\/im\/wp-content\/uploads\/2018\/10\/favicon-logo.jpg\",\"width\":400,\"height\":400,\"caption\":\"impactmania\"},\"image\":{\"@id\":\"https:\/\/www.impactmania.com\/im\/#\/schema\/logo\/image\/\"},\"sameAs\":[\"https:\/\/www.facebook.com\/impactmaniaX\",\"https:\/\/x.com\/impactmania\",\"https:\/\/www.instagram.com\/paksy.pc\/\",\"https:\/\/www.linkedin.com\/company\/impactmania\",\"https:\/\/www.youtube.com\/channel\/UC32dhh3RM7sfPdBgQagcIYA\"]}]}<\/script>\n<!-- \/ Yoast SEO plugin. -->","yoast_head_json":{"title":"social entrepreneurship \/ impact X - impactmania","robots":{"index":"index","follow":"follow","max-snippet":"max-snippet:-1","max-image-preview":"max-image-preview:large","max-video-preview":"max-video-preview:-1"},"canonical":"https:\/\/www.impactmania.com\/im\/programs\/global-social-entrepreneurship-impact-x\/","og_locale":"en_US","og_type":"article","og_title":"social entrepreneurship \/ impact X - impactmania","og_description":"[vc_row][vc_column][vc_custom_heading text=&#8221;featuring the future of business&#8221; font_container=&#8221;tag:h2|text_align:center&#8221; use_theme_fonts=&#8221;yes&#8221; css=&#8221;.vc_custom_1631700982501{margin-bottom: 0px !important;}&#8221;][vc_empty_space height=&#8221;20px&#8221;][\/vc_column][\/vc_row][vc_row css=&#8221;.vc_custom_1543737578910{margin-bottom: 10px !important;}&#8221;][vc_column][vc_column_text] Impact X\u00a0features businesses that are as much for-purpose as they are for-profit. Check out the video stories we have created with partners around the world.\u00a0Sponsor [...]","og_url":"https:\/\/www.impactmania.com\/im\/programs\/global-social-entrepreneurship-impact-x\/","og_site_name":"impactmania","article_publisher":"https:\/\/www.facebook.com\/impactmaniaX","article_modified_time":"2022-03-16T19:35:51+00:00","twitter_card":"summary_large_image","twitter_site":"@impactmania","twitter_misc":{"Est. reading time":"3 minutes"},"schema":{"@context":"https:\/\/schema.org","@graph":[{"@type":"WebPage","@id":"https:\/\/www.impactmania.com\/im\/programs\/global-social-entrepreneurship-impact-x\/","url":"https:\/\/www.impactmania.com\/im\/programs\/global-social-entrepreneurship-impact-x\/","name":"social entrepreneurship \/ impact X - impactmania","isPartOf":{"@id":"https:\/\/www.impactmania.com\/im\/#website"},"datePublished":"2018-10-22T20:28:33+00:00","dateModified":"2022-03-16T19:35:51+00:00","breadcrumb":{"@id":"https:\/\/www.impactmania.com\/im\/programs\/global-social-entrepreneurship-impact-x\/#breadcrumb"},"inLanguage":"en-US","potentialAction":[{"@type":"ReadAction","target":["https:\/\/www.impactmania.com\/im\/programs\/global-social-entrepreneurship-impact-x\/"]}]},{"@type":"BreadcrumbList","@id":"https:\/\/www.impactmania.com\/im\/programs\/global-social-entrepreneurship-impact-x\/#breadcrumb","itemListElement":[{"@type":"ListItem","position":1,"name":"Home","item":"https:\/\/www.impactmania.com\/im\/"},{"@type":"ListItem","position":2,"name":"programs","item":"https:\/\/www.impactmania.com\/im\/programs\/"},{"@type":"ListItem","position":3,"name":"social entrepreneurship \/ impact X"}]},{"@type":"WebSite","@id":"https:\/\/www.impactmania.com\/im\/#website","url":"https:\/\/www.impactmania.com\/im\/","name":"impactmania","description":"people who drive cultural, social, and economic impact","publisher":{"@id":"https:\/\/www.impactmania.com\/im\/#organization"},"potentialAction":[{"@type":"SearchAction","target":{"@type":"EntryPoint","urlTemplate":"https:\/\/www.impactmania.com\/im\/?s={search_term_string}"},"query-input":{"@type":"PropertyValueSpecification","valueRequired":true,"valueName":"search_term_string"}}],"inLanguage":"en-US"},{"@type":"Organization","@id":"https:\/\/www.impactmania.com\/im\/#organization","name":"impactmania","url":"https:\/\/www.impactmania.com\/im\/","logo":{"@type":"ImageObject","inLanguage":"en-US","@id":"https:\/\/www.impactmania.com\/im\/#\/schema\/logo\/image\/","url":"https:\/\/www.impactmania.com\/im\/wp-content\/uploads\/2018\/10\/favicon-logo.jpg","contentUrl":"https:\/\/www.impactmania.com\/im\/wp-content\/uploads\/2018\/10\/favicon-logo.jpg","width":400,"height":400,"caption":"impactmania"},"image":{"@id":"https:\/\/www.impactmania.com\/im\/#\/schema\/logo\/image\/"},"sameAs":["https:\/\/www.facebook.com\/impactmaniaX","https:\/\/x.com\/impactmania","https:\/\/www.instagram.com\/paksy.pc\/","https:\/\/www.linkedin.com\/company\/impactmania","https:\/\/www.youtube.com\/channel\/UC32dhh3RM7sfPdBgQagcIYA"]}]}},"_links":{"self":[{"href":"https:\/\/www.impactmania.com\/im\/wp-json\/wp\/v2\/pages\/784","targetHints":{"allow":["GET"]}}],"collection":[{"href":"https:\/\/www.impactmania.com\/im\/wp-json\/wp\/v2\/pages"}],"about":[{"href":"https:\/\/www.impactmania.com\/im\/wp-json\/wp\/v2\/types\/page"}],"author":[{"embeddable":true,"href":"https:\/\/www.impactmania.com\/im\/wp-json\/wp\/v2\/users\/1"}],"replies":[{"embeddable":true,"href":"https:\/\/www.impactmania.com\/im\/wp-json\/wp\/v2\/comments?post=784"}],"version-history":[{"count":0,"href":"https:\/\/www.impactmania.com\/im\/wp-json\/wp\/v2\/pages\/784\/revisions"}],"up":[{"embeddable":true,"href":"https:\/\/www.impactmania.com\/im\/wp-json\/wp\/v2\/pages\/690"}],"wp:attachment":[{"href":"https:\/\/www.impactmania.com\/im\/wp-json\/wp\/v2\/media?parent=784"}],"curies":[{"name":"wp","href":"https:\/\/api.w.org\/{rel}","templated":true}]}}